{"id":2,"date":"2026-01-03T10:23:58","date_gmt":"2026-01-03T10:23:58","guid":{"rendered":"http:\/\/sebastianhahn.de\/?page_id=2"},"modified":"2026-04-16T05:45:04","modified_gmt":"2026-04-16T05:45:04","slug":"sample-page","status":"publish","type":"page","link":"https:\/\/www.sebastianhahn.de\/?page_id=2","title":{"rendered":"\u00dcber mich"},"content":{"rendered":"\n<p>Herzlich willkommen auf der <em>privaten<\/em> Internetpr\u00e4senz von Sebastian Hahn!<\/p>\n\n\n\n<blockquote class=\"wp-block-quote is-layout-flow wp-block-quote-is-layout-flow\">\n<p>Aktualisiert am 2026-04-16<\/p>\n<\/blockquote>\n\n\n\n<p>Ein paar Fakten \u00fcber mich:<\/p>\n\n\n\n<ul class=\"wp-block-list\">\n<li>Geboren 1975 in San Francisco, Kalifornien \u2013 <a href=\"https:\/\/www.americansoverseas.org\/de\">Zufalls<\/a><a href=\"https:\/\/www.americansoverseas.org\/de\" target=\"_blank\" rel=\"noreferrer noopener\">a<\/a><a href=\"https:\/\/www.americansoverseas.org\/de\">merikaner<\/a><\/li>\n\n\n\n<li>Interessiert an Literatur, Informatik, Musik, Klimaschutz und erneuerbaren Energien.<\/li>\n\n\n\n<li>\ud83c\uddfa\ud83c\uddf8 I vote blue in <a href=\"https:\/\/de.wikipedia.org\/wiki\/Marin_County\" target=\"_blank\" rel=\"noreferrer noopener\">Marin County<\/a>!<\/li>\n\n\n\n<li>Aufgewachsen in <a href=\"https:\/\/www.estenfeld.net\" target=\"_blank\" rel=\"noreferrer noopener\">Estenfeld<\/a> bei <a href=\"https:\/\/www.wuerzburg.de\" target=\"_blank\" rel=\"noreferrer noopener\">W\u00fcrzburg<\/a>, seit 2005 gl\u00fccklich und zufrieden im Schwabenland<\/li>\n\n\n\n<li>Musik- und Informatiklehrer am <a href=\"https:\/\/www.thgaalen.de\" target=\"_blank\" rel=\"noreferrer noopener\">Theodor-Heuss-Gymnasium Aalen<\/a><\/li>\n\n\n\n<li>Trompeter, Arrangeur und Komponist (<a href=\"https:\/\/www.strube.de\/komponist\/sebastian-hahn\/\" target=\"_blank\" rel=\"noreferrer noopener\">hier<\/a> und <a href=\"https:\/\/www.musicalion.com\/de\/scores\/noten\/258884\/sebastian-hahn\/77317\/intrada-2023\" target=\"_blank\" rel=\"noreferrer noopener\">hier<\/a>)<\/li>\n\n\n\n<li><strong>L\u00e4ufer<\/strong> (siehe unten), In- und Outdoor-Radler und Pedelec-Nutzer, Seilspringer, Trockenruderer und Standard-T\u00e4nzer<\/li>\n\n\n\n<li>Leseratte (zu meinen Lieblingsautoren geh\u00f6ren unter vielen anderen <em>Dennis E. Taylor<\/em>, <em>Daniel Suarez<\/em>, <em>John Scalzi<\/em>, <em>Andy Weir<\/em> und <em>Don Winslow<\/em>) \u2013 mehr dazu immer wieder <a href=\"https:\/\/www.sebastianhahn.de\">hier<\/a> im Blog.<\/li>\n<\/ul>\n\n\n\n<blockquote class=\"wp-block-quote is-layout-flow wp-block-quote-is-layout-flow\">\n<p>Statistische <strong>Lauf<\/strong>-Daten:<br>2023: <strong>8.501 km<\/strong><br>2024: <strong>7.901 km<\/strong><br>2025: <strong>10.000 km<\/strong><br>2026: <strong>2.189 km<\/strong><\/p>\n<\/blockquote>\n\n\n\n<p>Was ich gerade lese und h\u00f6re:<\/p>\n\n\n\n<blockquote class=\"wp-block-quote is-layout-flow wp-block-quote-is-layout-flow\">\n<p>eBook: <strong>Kommissar Dupin ermittelt 8: Bretonisches Verm\u00e4chtnis<\/strong> von <em>Jean-Luc Bannalec<\/em> &amp; <strong>Die Blues Brothers<\/strong> von <em>Daniel De Vis\u00e9<\/em><br>H\u00f6rbuch: <strong>Bruno Courr\u00e8ges 7: Provokateure<\/strong> von <em>Martin Walker<\/em><\/p>\n<\/blockquote>\n\n\n\n<p>Im Internet findet man mich an verschiedenen Stellen:<\/p>\n\n\n\n<ul class=\"wp-block-list\">\n<li>Bei <a href=\"https:\/\/mastodon.world\/@sebastianhahn\" target=\"_blank\" rel=\"noreferrer noopener\">Mastodon<\/a> und <a href=\"https:\/\/pixelfed.social\/i\/web\/profile\/786355692836266934\" target=\"_blank\" rel=\"noreferrer noopener\">Pixelfed<\/a><\/li>\n\n\n\n<li>Beim <a href=\"https:\/\/www.ostalb-jazz-orchestra.de\" target=\"_blank\" rel=\"noreferrer noopener\">Ostalb Jazz Orchestra<\/a> bin ich 1. Trompeter und seit 2018 der 1. Vorstand der <a href=\"https:\/\/www.jazzinitiative-ellwangen.de\/index.html\" target=\"_blank\" rel=\"noreferrer noopener\">Jazzinitiative Ellwangen e.V.<\/a><\/li>\n\n\n\n<li>Seit Ende 2020 bin ich Trompeter bei <a href=\"https:\/\/www.bluesandthegang.com\" target=\"_blank\" rel=\"noreferrer noopener\">Blues &amp; the Gang<\/a>.<\/li>\n\n\n\n<li><a href=\"https:\/\/solera1847.wordpress.com\">Hier<\/a> betrieb ich fr\u00fcher einen anderen WordPress-Blog, der jedoch St\u00fcck f\u00fcr St\u00fcck durch diesen Blog hier ersetzt wird und daher schon seit einigen Jahren keine neuen Artikel mehr erh\u00e4lt.<\/li>\n\n\n\n<li>Ich habe eine <a href=\"https:\/\/soundcloud.com\/Solera1847\/\" target=\"_blank\" rel=\"noreferrer noopener\">SoundCloud-Seite<\/a>, bei der ich allerdings nur ganz selten etwas ver\u00f6ffentliche.<\/li>\n<\/ul>\n\n\n\n<h3 class=\"wp-block-heading\">Impressum<\/h3>\n\n\n\n<h5 class=\"wp-block-heading\">Angaben gem\u00e4\u00df \u00a7 5 TMG<\/h5>\n\n\n\n<p>Sebastian Hahn<br>Wei\u00dfe Steige 72<br>73431 Aalen<\/p>\n\n\n\n<p>Telefon: 017630616991<br>Telefax: (kein Fax vorhanden)<br>E-Mail: <a href=\"mailto:info@sebastianhahn.de\" rel=\"nofollow\">info@sebastianhahn.de<\/a><\/p>\n\n\n\n<h5 class=\"wp-block-heading\">Redaktionell verantwortlich<\/h5>\n\n\n\n<p>Sebastian Hahn<\/p>\n\n\n\n<h5 class=\"wp-block-heading\">Quelle:<\/h5>\n\n\n\n<p><a href=\"https:\/\/www.e-recht24.de\" target=\"_blank\" rel=\"noreferrer noopener\">https:\/\/www.e-recht24.de<\/a><\/p>\n\n\n\n<p><\/p>\n","protected":false},"excerpt":{"rendered":"<p>Herzlich willkommen auf der privaten Internetpr\u00e4senz von Sebastian Hahn! Aktualisiert am 2026-04-16 Ein paar Fakten \u00fcber mich: Statistische Lauf-Daten:2023: 8.501 km2024: 7.901 km2025: 10.000 km2026: 2.189 km Was ich gerade lese und h\u00f6re: eBook: Kommissar Dupin ermittelt 8: Bretonisches Verm\u00e4chtnis von Jean-Luc Bannalec &amp; Die Blues Brothers von Daniel De Vis\u00e9H\u00f6rbuch: Bruno Courr\u00e8ges 7: Provokateure [&hellip;]<\/p>\n","protected":false},"author":1,"featured_media":0,"parent":0,"menu_order":0,"comment_status":"closed","ping_status":"open","template":"","meta":{"footnotes":""},"class_list":["post-2","page","type-page","status-publish","hentry"],"jetpack_sharing_enabled":true,"_links":{"self":[{"href":"https:\/\/www.sebastianhahn.de\/index.php?rest_route=\/wp\/v2\/pages\/2","targetHints":{"allow":["GET"]}}],"collection":[{"href":"https:\/\/www.sebastianhahn.de\/index.php?rest_route=\/wp\/v2\/pages"}],"about":[{"href":"https:\/\/www.sebastianhahn.de\/index.php?rest_route=\/wp\/v2\/types\/page"}],"author":[{"embeddable":true,"href":"https:\/\/www.sebastianhahn.de\/index.php?rest_route=\/wp\/v2\/users\/1"}],"replies":[{"embeddable":true,"href":"https:\/\/www.sebastianhahn.de\/index.php?rest_route=%2Fwp%2Fv2%2Fcomments&post=2"}],"version-history":[{"count":79,"href":"https:\/\/www.sebastianhahn.de\/index.php?rest_route=\/wp\/v2\/pages\/2\/revisions"}],"predecessor-version":[{"id":315,"href":"https:\/\/www.sebastianhahn.de\/index.php?rest_route=\/wp\/v2\/pages\/2\/revisions\/315"}],"wp:attachment":[{"href":"https:\/\/www.sebastianhahn.de\/index.php?rest_route=%2Fwp%2Fv2%2Fmedia&parent=2"}],"curies":[{"name":"wp","href":"https:\/\/api.w.org\/{rel}","templated":true}]}}